{"id":8587,"date":"2023-01-12T22:32:03","date_gmt":"2023-01-12T22:32:03","guid":{"rendered":"https:\/\/pru.kuadricar.com\/reserva-por-email\/"},"modified":"2024-11-01T15:46:12","modified_gmt":"2024-11-01T15:46:12","slug":"reserva-por-email","status":"publish","type":"page","link":"https:\/\/pru.kuadricar.com\/it\/reserva-por-email\/","title":{"rendered":"Prenotazione via e-mail"},"content":{"rendered":"<div class=\"fusion-fullwidth fullwidth-box fusion-builder-row-1 fusion-flex-container has-pattern-background has-mask-background nonhundred-percent-fullwidth non-hundred-percent-height-scrolling\" style=\"--awb-border-radius-top-left:0px;--awb-border-radius-top-right:0px;--awb-border-radius-bottom-right:0px;--awb-border-radius-bottom-left:0px;--awb-padding-top:50px;--awb-flex-wrap:wrap;\" ><div class=\"fusion-builder-row fusion-row fusion-flex-align-items-center fusion-flex-content-wrap\" style=\"max-width:1206.4px;margin-left: calc(-4% \/ 2 );margin-right: calc(-4% \/ 2 );\"><div class=\"fusion-layout-column fusion_builder_column fusion-builder-column-0 fusion_builder_column_1_1 1_1 fusion-flex-column\" style=\"--awb-bg-size:cover;--awb-width-large:100%;--awb-margin-top-large:50px;--awb-spacing-right-large:1.92%;--awb-margin-bottom-large:25px;--awb-spacing-left-large:1.92%;--awb-width-medium:100%;--awb-order-medium:0;--awb-spacing-right-medium:1.92%;--awb-spacing-left-medium:1.92%;--awb-width-small:100%;--awb-order-small:0;--awb-spacing-right-small:1.92%;--awb-spacing-left-small:1.92%;\"><div class=\"fusion-column-wrapper fusion-column-has-shadow fusion-flex-justify-content-flex-start fusion-content-layout-column\"><div class=\"fusion-text fusion-text-1\" style=\"--awb-content-alignment:center;\"><p style=\"text-align: center;\"><strong><span style=\"color: #000000;\">Inserisci i tuoi dati e ti contatteremo al pi\u00f9 presto. Grazie. <\/span><\/strong><\/p>\n<\/div><div class=\"fusion-form fusion-form-builder fusion-form-form-wrapper fusion-form-914\" style=\"--awb-tooltip-text-color:#ffffff;--awb-tooltip-background-color:#333333;\" data-form-id=\"914\" data-config=\"{&quot;form_id&quot;:914,&quot;form_post_id&quot;:914,&quot;post_id&quot;:8587,&quot;form_type&quot;:&quot;ajax&quot;,&quot;confirmation_type&quot;:&quot;message&quot;,&quot;redirect_url&quot;:&quot;&quot;,&quot;field_labels&quot;:{&quot;pick_up_location&quot;:&quot;Lugar de recogida&quot;,&quot;date_required&quot;:&quot;Fecha de recogida&quot;,&quot;hora_aproximada_de_recogida&quot;:&quot;Hora aproximada de recogida&quot;,&quot;tu_nombre&quot;:&quot;Tu nombre&quot;,&quot;drop_off_location&quot;:&quot;Lugar de destino&quot;,&quot;number_of_passengers&quot;:&quot;N\\u00famero de pasajeros&quot;,&quot;your_telephone_number&quot;:&quot;Tu n\\u00famero de tel\\u00e9fono&quot;,&quot;tu_correo_electronico&quot;:&quot;Tu correo electr\\u00f3nico&quot;,&quot;comentarios&quot;:&quot;Comentarios&quot;},&quot;field_logics&quot;:{&quot;pick_up_location&quot;:&quot;&quot;,&quot;date_required&quot;:&quot;&quot;,&quot;hora_aproximada_de_recogida&quot;:&quot;&quot;,&quot;tu_nombre&quot;:&quot;&quot;,&quot;drop_off_location&quot;:&quot;&quot;,&quot;number_of_passengers&quot;:&quot;&quot;,&quot;your_telephone_number&quot;:&quot;&quot;,&quot;tu_correo_electronico&quot;:&quot;&quot;,&quot;comentarios&quot;:&quot;&quot;,&quot;notice_1&quot;:&quot;&quot;},&quot;field_types&quot;:{&quot;pick_up_location&quot;:&quot;text&quot;,&quot;date_required&quot;:&quot;date&quot;,&quot;hora_aproximada_de_recogida&quot;:&quot;time&quot;,&quot;tu_nombre&quot;:&quot;text&quot;,&quot;drop_off_location&quot;:&quot;text&quot;,&quot;number_of_passengers&quot;:&quot;number&quot;,&quot;your_telephone_number&quot;:&quot;phone_number&quot;,&quot;tu_correo_electronico&quot;:&quot;email&quot;,&quot;comentarios&quot;:&quot;textarea&quot;,&quot;recaptcha_1&quot;:&quot;recaptcha&quot;,&quot;submit_1&quot;:&quot;submit&quot;,&quot;notice_1&quot;:&quot;notice&quot;},&quot;nonce_method&quot;:&quot;ajax&quot;}\"><form action=\"https:\/\/pru.kuadricar.com\/it\/reserva-por-email\/\" method=\"post\" class=\"fusion-form fusion-form-914\"><div class=\"fusion-fullwidth fullwidth-box fusion-builder-row-1-1 fusion-flex-container nonhundred-percent-fullwidth non-hundred-percent-height-scrolling\" style=\"--awb-border-radius-top-left:0px;--awb-border-radius-top-right:0px;--awb-border-radius-bottom-right:0px;--awb-border-radius-bottom-left:0px;--awb-padding-right:0px;--awb-padding-left:0px;--awb-flex-wrap:wrap;\" ><div class=\"fusion-builder-row fusion-row fusion-flex-align-items-flex-start fusion-flex-content-wrap\" style=\"width:104% !important;max-width:104% !important;margin-left: calc(-4% \/ 2 );margin-right: calc(-4% \/ 2 );\"><div class=\"fusion-layout-column fusion_builder_column fusion-builder-column-1 fusion_builder_column_1_2 1_2 fusion-flex-column\" style=\"--awb-bg-size:cover;--awb-width-large:50%;--awb-margin-top-large:25px;--awb-spacing-right-large:3.84%;--awb-margin-bottom-large:25px;--awb-spacing-left-large:3.84%;--awb-width-medium:100%;--awb-order-medium:0;--awb-spacing-right-medium:1.92%;--awb-spacing-left-medium:1.92%;--awb-width-small:100%;--awb-order-small:0;--awb-spacing-right-small:1.92%;--awb-spacing-left-small:1.92%;\"><div class=\"fusion-column-wrapper fusion-column-has-shadow fusion-flex-justify-content-flex-start fusion-content-layout-column\"><div class=\"fusion-form-field fusion-form-text-field fusion-form-label-above\" style=\"\" data-form-id=\"914\"><div class=\"fusion-form-label-wrapper\"><label for=\"pick_up_location\">Lugar de recogida <abbr class=\"fusion-form-element-required\" title=\"required\">*<\/abbr><\/label><\/div><div class=\"fusion-form-input-with-icon\"><i class=\"awb-form-icon fa-map-marker fas\"><\/i><input type=\"text\" autocomplete=\"off\"  data-empty-notice=\"El lugar de recogida no puede estar vac\u00edo\" name=\"pick_up_location\" id=\"pick_up_location\" value=\"\"  class=\"fusion-form-input\" required=\"true\" aria-required=\"true\" data-holds-private-data=\"false\" minlength=\"0\"\/><\/div><\/div><div class=\"fusion-form-field fusion-form-date-field fusion-form-label-above\" style=\"\" data-form-id=\"914\"><label for=\"date_required\">Fecha de recogida <abbr class=\"fusion-form-element-required\" title=\"required\">*<\/abbr><\/label><div class=\"fusion-form-input-with-icon\"><i class=\"fa-calendar-alt fas\"><\/i><input autocomplete=\"off\" type=\"date\" data-empty-notice=\"La fecha de recogida no puede estar vac\u00eda\"  data-first-day=\"1\"  data-format=\"d\/m\/Y\" tabindex=\"\" id=\"date_required\" name=\"date_required\" data-type=\"custom\" value=\"\" data-holds-private-data=\"false\" class=\"fusion-form-input\" required=\"true\" aria-required=\"true\" placeholder=\"dd\/mm\/aaaa *\"autocomplete=\"no\"\/><\/div><\/div><div class=\"fusion-form-field fusion-form-time-field fusion-form-label-above\" style=\"\" data-form-id=\"914\"><label for=\"hora_aproximada_de_recogida\">Hora aproximada de recogida <abbr class=\"fusion-form-element-required\" title=\"required\">*<\/abbr><\/label><div class=\"fusion-form-input-with-icon\"><i class=\"fa-clock fas\"><\/i><input type=\"time\" data-empty-notice=\"La hora de recogida no puede estar vac\u00eda\" tabindex=\"\" id=\"hora_aproximada_de_recogida\" name=\"hora_aproximada_de_recogida\" data-type=\"custom\" data-clock=\"full\" value=\"\" data-holds-private-data=\"false\" class=\"fusion-form-input\" required=\"true\" aria-required=\"true\"autocomplete=\"no\"\/><\/div><\/div><div class=\"fusion-form-field fusion-form-text-field fusion-form-label-above\" style=\"\" data-form-id=\"914\"><div class=\"fusion-form-label-wrapper\"><label for=\"tu_nombre\">Tu nombre <abbr class=\"fusion-form-element-required\" title=\"required\">*<\/abbr><\/label><\/div><div class=\"fusion-form-input-with-icon\"><i class=\"awb-form-icon fa-address-book fas\"><\/i><input type=\"text\" autocomplete=\"off\" name=\"tu_nombre\" id=\"tu_nombre\" value=\"\"  class=\"fusion-form-input\" required=\"true\" aria-required=\"true\" data-holds-private-data=\"false\" minlength=\"0\"\/><\/div><\/div><div class=\"fusion-separator fusion-full-width-sep\" style=\"align-self: center;margin-left: auto;margin-right: auto;margin-top:20px;width:100%;\"><\/div><\/div><\/div><div class=\"fusion-layout-column fusion_builder_column fusion-builder-column-2 fusion_builder_column_1_2 1_2 fusion-flex-column\" style=\"--awb-bg-size:cover;--awb-width-large:50%;--awb-margin-top-large:25px;--awb-spacing-right-large:3.84%;--awb-margin-bottom-large:25px;--awb-spacing-left-large:3.84%;--awb-width-medium:100%;--awb-order-medium:0;--awb-spacing-right-medium:1.92%;--awb-spacing-left-medium:1.92%;--awb-width-small:100%;--awb-order-small:0;--awb-spacing-right-small:1.92%;--awb-spacing-left-small:1.92%;\"><div class=\"fusion-column-wrapper fusion-column-has-shadow fusion-flex-justify-content-flex-start fusion-content-layout-column\"><div class=\"fusion-form-field fusion-form-text-field fusion-form-label-above\" style=\"\" data-form-id=\"914\"><div class=\"fusion-form-label-wrapper\"><label for=\"drop_off_location\">Lugar de destino <abbr class=\"fusion-form-element-required\" title=\"required\">*<\/abbr><\/label><\/div><div class=\"fusion-form-input-with-icon\"><i class=\"awb-form-icon fa-map-marker fas\"><\/i><input type=\"text\" autocomplete=\"off\" name=\"drop_off_location\" id=\"drop_off_location\" value=\"\"  class=\"fusion-form-input\" required=\"true\" aria-required=\"true\" data-holds-private-data=\"false\" minlength=\"0\"\/><\/div><\/div><div class=\"fusion-form-field fusion-form-number-field fusion-form-label-above\" style=\"\" data-form-id=\"914\"><div class=\"fusion-form-label-wrapper\"><label for=\"number_of_passengers\">N\u00famero de pasajeros <abbr class=\"fusion-form-element-required\" title=\"required\">*<\/abbr><\/label><\/div><div class=\"fusion-form-input-with-icon\"><i class=\"awb-form-icon fa-users fas\"><\/i><input type=\"number\" autocomplete=\"off\"  data-empty-notice=\"El n\u00famero de pasajeros no puede estar vac\u00edo\" name=\"number_of_passengers\" id=\"number_of_passengers\" value=\"\"  class=\"fusion-form-input\" required=\"true\" aria-required=\"true\" data-holds-private-data=\"false\" min=\"0\" max=\"100\"\/><\/div><\/div><div class=\"fusion-form-field fusion-form-phone-number-field fusion-form-label-above\" style=\"\" data-form-id=\"914\"><div class=\"fusion-form-label-wrapper\"><label for=\"your_telephone_number\">Tu n\u00famero de tel\u00e9fono <abbr class=\"fusion-form-element-required\" title=\"required\">*<\/abbr><\/label><\/div><div class=\"fusion-form-input-with-icon\"><i class=\"awb-form-icon fa-phone-square-alt fas\"><\/i><input type=\"tel\" autocomplete=\"off\"  data-empty-notice=\"El n\u00famero de tel\u00e9fono no puede estar vac\u00edo\" name=\"your_telephone_number\" id=\"your_telephone_number\" value=\"\"  class=\"fusion-form-input\" required=\"true\" aria-required=\"true\" data-holds-private-data=\"false\"\/><\/div><\/div><div class=\"fusion-form-field fusion-form-email-field fusion-form-label-above\" style=\"\" data-form-id=\"914\"><div class=\"fusion-form-label-wrapper\"><label for=\"tu_correo_electronico\">Tu correo electr\u00f3nico<\/label><\/div><div class=\"fusion-form-input-with-icon\"><i class=\"awb-form-icon fa-at fas\"><\/i><input type=\"email\" autocomplete=\"off\" name=\"tu_correo_electronico\" id=\"tu_correo_electronico\" value=\"\"  class=\"fusion-form-input\" data-holds-private-data=\"false\"\/><\/div><\/div><div class=\"fusion-form-field fusion-form-textarea-field fusion-form-label-above\" style=\"\" data-form-id=\"914\"><label for=\"comentarios\">Comentarios<\/label><div class=\"fusion-form-input-with-icon\"><i class=\" fa-comment fas\"><\/i><textarea cols=\"40\" autocomplete=\"off\"  minlength=\"0\"  rows=\"4\" tabindex=\"\" id=\"comentarios\" name=\"comentarios\" class=\"fusion-form-input\" placeholder=\"Aqu\u00ed puedes dejar alg\u00fan comentario adicional sobre tu reserva. \" data-holds-private-data=\"false\"><\/textarea><\/div><\/div><div class=\"fusion-form-field fusion-form-recaptcha-field fusion-form-label-above\" style=\"\" data-form-id=\"914\">\t\t\t\t<div class=\"form-creator-recaptcha\" >\n\t\t\t\t\t\t\t\t\t\t\t\t\t<\/div>\n\t\t\t\t<\/div><div class=\"fusion-form-field fusion-form-submit-field fusion-form-label-above\" style=\"\" data-form-id=\"914\"><div ><button type=\"submit\" class=\"fusion-button button-flat fusion-button-default-size button-default fusion-button-default button-1 fusion-button-default-span  form-form-submit button-default\" style=\"--button_margin-top:20px;\" data-form-number=\"914\" tabindex=\"\"><span class=\"fusion-button-text awb-button__text awb-button__text--default\">Realizar reserva<\/span><\/button><\/div><\/div><\/div><\/div><div class=\"fusion-layout-column fusion_builder_column fusion-builder-column-3 fusion_builder_column_1_1 1_1 fusion-flex-column\" style=\"--awb-bg-size:cover;--awb-width-large:100%;--awb-margin-top-large:25px;--awb-spacing-right-large:1.92%;--awb-margin-bottom-large:0px;--awb-spacing-left-large:1.92%;--awb-width-medium:100%;--awb-order-medium:0;--awb-spacing-right-medium:1.92%;--awb-spacing-left-medium:1.92%;--awb-width-small:100%;--awb-order-small:0;--awb-spacing-right-small:1.92%;--awb-spacing-left-small:1.92%;\"><div class=\"fusion-column-wrapper fusion-column-has-shadow fusion-flex-justify-content-flex-start fusion-content-layout-column\"><div class=\"form-submission-notices data-notice_1\" id=\"fusion-notices-1\"><div class=\"fusion-alert alert success alert-success fusion-alert-center fusion-form-response fusion-form-response-success fusion-alert-capitalize awb-alert-native-link-color alert-dismissable awb-alert-close-boxed\" role=\"alert\"><div class=\"fusion-alert-content-wrapper\"><span class=\"alert-icon\"><i class=\"awb-icon-check-circle\" aria-hidden=\"true\"><\/i><\/span><span class=\"fusion-alert-content\">Gracias por su mensaje, Nos podremos en contacto con ustedes lo antes posible.<\/span><\/div><button type=\"button\" class=\"close toggle-alert\" data-dismiss=\"alert\" aria-label=\"Close\">&times;<\/button><\/div><div class=\"fusion-alert alert error alert-danger fusion-alert-center fusion-form-response fusion-form-response-error fusion-alert-capitalize awb-alert-native-link-color alert-dismissable awb-alert-close-boxed\" role=\"alert\"><div class=\"fusion-alert-content-wrapper\"><span class=\"alert-icon\"><i class=\"awb-icon-exclamation-triangle\" aria-hidden=\"true\"><\/i><\/span><span class=\"fusion-alert-content\">Hubo un error al enviar el mensaje. Por favor, int\u00e9ntalo de nuevo m\u00e1s tarde.<\/span><\/div><button type=\"button\" class=\"close toggle-alert\" data-dismiss=\"alert\" aria-label=\"Close\">&times;<\/button><\/div><\/div><\/div><\/div><\/div><\/div><\/form><\/div><\/div><\/div><\/div><\/div>\n","protected":false},"excerpt":{"rendered":"","protected":false},"author":2,"featured_media":0,"parent":0,"menu_order":0,"comment_status":"closed","ping_status":"closed","template":"","meta":{"_joinchat":[],"footnotes":""},"class_list":["post-8587","page","type-page","status-publish","hentry"],"yoast_head":"<!-- This site is optimized with the Yoast SEO Premium plugin v26.7 (Yoast SEO v27.5) - https:\/\/yoast.com\/product\/yoast-seo-premium-wordpress\/ -->\n<title>Prenotazione via e-mail &#8226; Taxi Las Palmas | Taxi Aeroporto Gran Canaria | Kuadricar<\/title>\n<meta name=\"robots\" content=\"noindex, follow, max-snippet:-1, max-image-preview:large, max-video-preview:-1\" \/>\n<meta property=\"og:locale\" content=\"it_IT\" \/>\n<meta property=\"og:type\" content=\"article\" \/>\n<meta property=\"og:title\" content=\"Prenotazione via e-mail\" \/>\n<meta property=\"og:url\" content=\"https:\/\/pru.kuadricar.com\/it\/reserva-por-email\/\" \/>\n<meta property=\"og:site_name\" content=\"Taxi Las Palmas | Taxi Aeroporto Gran Canaria | Kuadricar\" \/>\n<meta property=\"article:modified_time\" content=\"2024-11-01T15:46:12+00:00\" \/>\n<meta property=\"og:image\" content=\"https:\/\/pru.kuadricar.com\/wp-content\/uploads\/2024\/11\/taxi-las-palmas.webp\" \/>\n\t<meta property=\"og:image:width\" content=\"1792\" \/>\n\t<meta property=\"og:image:height\" content=\"1024\" \/>\n\t<meta property=\"og:image:type\" content=\"image\/webp\" \/>\n<meta name=\"twitter:card\" content=\"summary_large_image\" \/>\n<meta name=\"twitter:label1\" content=\"Tempo di lettura stimato\" \/>\n\t<meta name=\"twitter:data1\" content=\"4 minuti\" \/>\n<script type=\"application\/ld+json\" class=\"yoast-schema-graph\">{\"@context\":\"https:\\\/\\\/schema.org\",\"@graph\":[{\"@type\":\"WebPage\",\"@id\":\"https:\\\/\\\/pru.kuadricar.com\\\/it\\\/reserva-por-email\\\/\",\"url\":\"https:\\\/\\\/pru.kuadricar.com\\\/it\\\/reserva-por-email\\\/\",\"name\":\"Prenotazione via e-mail &#8226; Taxi Las Palmas | Taxi Aeroporto Gran Canaria | Kuadricar\",\"isPartOf\":{\"@id\":\"https:\\\/\\\/pru.kuadricar.com\\\/it\\\/#website\"},\"datePublished\":\"2023-01-12T22:32:03+00:00\",\"dateModified\":\"2024-11-01T15:46:12+00:00\",\"breadcrumb\":{\"@id\":\"https:\\\/\\\/pru.kuadricar.com\\\/it\\\/reserva-por-email\\\/#breadcrumb\"},\"inLanguage\":\"it-IT\",\"potentialAction\":[{\"@type\":\"ReadAction\",\"target\":[\"https:\\\/\\\/pru.kuadricar.com\\\/it\\\/reserva-por-email\\\/\"]}]},{\"@type\":\"BreadcrumbList\",\"@id\":\"https:\\\/\\\/pru.kuadricar.com\\\/it\\\/reserva-por-email\\\/#breadcrumb\",\"itemListElement\":[{\"@type\":\"ListItem\",\"position\":1,\"name\":\"Home\",\"item\":\"https:\\\/\\\/pru.kuadricar.com\\\/it\\\/\"},{\"@type\":\"ListItem\",\"position\":2,\"name\":\"Prenotazione via e-mail\"}]},{\"@type\":\"WebSite\",\"@id\":\"https:\\\/\\\/pru.kuadricar.com\\\/it\\\/#website\",\"url\":\"https:\\\/\\\/pru.kuadricar.com\\\/it\\\/\",\"name\":\"Taxi Aeropuerto Gran Canaria | Taxi Las Palmas | Kuadricar\",\"description\":\"Scopri Gran Canaria, viaggia con comfort\",\"publisher\":{\"@id\":\"https:\\\/\\\/pru.kuadricar.com\\\/it\\\/#organization\"},\"potentialAction\":[{\"@type\":\"SearchAction\",\"target\":{\"@type\":\"EntryPoint\",\"urlTemplate\":\"https:\\\/\\\/pru.kuadricar.com\\\/it\\\/?s={search_term_string}\"},\"query-input\":{\"@type\":\"PropertyValueSpecification\",\"valueRequired\":true,\"valueName\":\"search_term_string\"}}],\"inLanguage\":\"it-IT\"},{\"@type\":\"Organization\",\"@id\":\"https:\\\/\\\/pru.kuadricar.com\\\/it\\\/#organization\",\"name\":\"KuadriCar\",\"url\":\"https:\\\/\\\/pru.kuadricar.com\\\/it\\\/\",\"logo\":{\"@type\":\"ImageObject\",\"inLanguage\":\"it-IT\",\"@id\":\"https:\\\/\\\/pru.kuadricar.com\\\/it\\\/#\\\/schema\\\/logo\\\/image\\\/\",\"url\":\"https:\\\/\\\/pru.kuadricar.com\\\/wp-content\\\/uploads\\\/2023\\\/02\\\/kuadricar-logo-180x180-1.png\",\"contentUrl\":\"https:\\\/\\\/pru.kuadricar.com\\\/wp-content\\\/uploads\\\/2023\\\/02\\\/kuadricar-logo-180x180-1.png\",\"width\":180,\"height\":180,\"caption\":\"KuadriCar\"},\"image\":{\"@id\":\"https:\\\/\\\/pru.kuadricar.com\\\/it\\\/#\\\/schema\\\/logo\\\/image\\\/\"},\"legalName\":\"KuadriCar SL\",\"vatID\":\"B44894012\",\"numberOfEmployees\":{\"@type\":\"QuantitativeValue\",\"minValue\":\"1\",\"maxValue\":\"10\"}}]}<\/script>\n<!-- \/ Yoast SEO Premium plugin. -->","yoast_head_json":{"title":"Prenotazione via e-mail &#8226; Taxi Las Palmas | Taxi Aeroporto Gran Canaria | Kuadricar","robots":{"index":"noindex","follow":"follow","max-snippet":"max-snippet:-1","max-image-preview":"max-image-preview:large","max-video-preview":"max-video-preview:-1"},"og_locale":"it_IT","og_type":"article","og_title":"Prenotazione via e-mail","og_url":"https:\/\/pru.kuadricar.com\/it\/reserva-por-email\/","og_site_name":"Taxi Las Palmas | Taxi Aeroporto Gran Canaria | Kuadricar","article_modified_time":"2024-11-01T15:46:12+00:00","og_image":[{"width":1792,"height":1024,"url":"https:\/\/pru.kuadricar.com\/wp-content\/uploads\/2024\/11\/taxi-las-palmas.webp","type":"image\/webp"}],"twitter_card":"summary_large_image","twitter_misc":{"Tempo di lettura stimato":"4 minuti"},"schema":{"@context":"https:\/\/schema.org","@graph":[{"@type":"WebPage","@id":"https:\/\/pru.kuadricar.com\/it\/reserva-por-email\/","url":"https:\/\/pru.kuadricar.com\/it\/reserva-por-email\/","name":"Prenotazione via e-mail &#8226; Taxi Las Palmas | Taxi Aeroporto Gran Canaria | Kuadricar","isPartOf":{"@id":"https:\/\/pru.kuadricar.com\/it\/#website"},"datePublished":"2023-01-12T22:32:03+00:00","dateModified":"2024-11-01T15:46:12+00:00","breadcrumb":{"@id":"https:\/\/pru.kuadricar.com\/it\/reserva-por-email\/#breadcrumb"},"inLanguage":"it-IT","potentialAction":[{"@type":"ReadAction","target":["https:\/\/pru.kuadricar.com\/it\/reserva-por-email\/"]}]},{"@type":"BreadcrumbList","@id":"https:\/\/pru.kuadricar.com\/it\/reserva-por-email\/#breadcrumb","itemListElement":[{"@type":"ListItem","position":1,"name":"Home","item":"https:\/\/pru.kuadricar.com\/it\/"},{"@type":"ListItem","position":2,"name":"Prenotazione via e-mail"}]},{"@type":"WebSite","@id":"https:\/\/pru.kuadricar.com\/it\/#website","url":"https:\/\/pru.kuadricar.com\/it\/","name":"Taxi Aeropuerto Gran Canaria | Taxi Las Palmas | Kuadricar","description":"Scopri Gran Canaria, viaggia con comfort","publisher":{"@id":"https:\/\/pru.kuadricar.com\/it\/#organization"},"potentialAction":[{"@type":"SearchAction","target":{"@type":"EntryPoint","urlTemplate":"https:\/\/pru.kuadricar.com\/it\/?s={search_term_string}"},"query-input":{"@type":"PropertyValueSpecification","valueRequired":true,"valueName":"search_term_string"}}],"inLanguage":"it-IT"},{"@type":"Organization","@id":"https:\/\/pru.kuadricar.com\/it\/#organization","name":"KuadriCar","url":"https:\/\/pru.kuadricar.com\/it\/","logo":{"@type":"ImageObject","inLanguage":"it-IT","@id":"https:\/\/pru.kuadricar.com\/it\/#\/schema\/logo\/image\/","url":"https:\/\/pru.kuadricar.com\/wp-content\/uploads\/2023\/02\/kuadricar-logo-180x180-1.png","contentUrl":"https:\/\/pru.kuadricar.com\/wp-content\/uploads\/2023\/02\/kuadricar-logo-180x180-1.png","width":180,"height":180,"caption":"KuadriCar"},"image":{"@id":"https:\/\/pru.kuadricar.com\/it\/#\/schema\/logo\/image\/"},"legalName":"KuadriCar SL","vatID":"B44894012","numberOfEmployees":{"@type":"QuantitativeValue","minValue":"1","maxValue":"10"}}]}},"_links":{"self":[{"href":"https:\/\/pru.kuadricar.com\/it\/wp-json\/wp\/v2\/pages\/8587","targetHints":{"allow":["GET"]}}],"collection":[{"href":"https:\/\/pru.kuadricar.com\/it\/wp-json\/wp\/v2\/pages"}],"about":[{"href":"https:\/\/pru.kuadricar.com\/it\/wp-json\/wp\/v2\/types\/page"}],"author":[{"embeddable":true,"href":"https:\/\/pru.kuadricar.com\/it\/wp-json\/wp\/v2\/users\/2"}],"replies":[{"embeddable":true,"href":"https:\/\/pru.kuadricar.com\/it\/wp-json\/wp\/v2\/comments?post=8587"}],"version-history":[{"count":0,"href":"https:\/\/pru.kuadricar.com\/it\/wp-json\/wp\/v2\/pages\/8587\/revisions"}],"wp:attachment":[{"href":"https:\/\/pru.kuadricar.com\/it\/wp-json\/wp\/v2\/media?parent=8587"}],"curies":[{"name":"wp","href":"https:\/\/api.w.org\/{rel}","templated":true}]}}